{"id":85,"date":"2021-03-30T07:56:44","date_gmt":"2021-03-30T07:56:44","guid":{"rendered":"https:\/\/haskamp-betreuer.de\/?page_id=85"},"modified":"2024-11-19T09:06:02","modified_gmt":"2024-11-19T09:06:02","slug":"impressum","status":"publish","type":"page","link":"https:\/\/haskamp-betreuer.de\/?page_id=85","title":{"rendered":"Impressum"},"content":{"rendered":"<h1>Impressum<\/h1>\n<h2>Angaben gem\u00e4\u00df \u00a7 5 TMG<\/h2>\n<h2>Kontakt<\/h2>\n<p><strong>Frank Haskamp<\/strong><br \/>\n<a href=\"https:\/\/maps.app.goo.gl\/KhtxcgB4wTFHCXSf8\">H\u00fcnh\u00fcgel 3<\/a><br \/>\n<a href=\"https:\/\/maps.app.goo.gl\/KhtxcgB4wTFHCXSf8\">49479 Ibbenb\u00fcren<\/a><\/p>\n<p>B\u00fcro: 05451 \/ 9955622<br \/>\nFax: \u00a0 0261 \/ 2016184231<\/p>\n<p>E-Mail: mail@haskamp-betreuer.de<\/p>\n<h2 class=\"western\">Konzeption, Gestaltung, Programmierung:<\/h2>\n<p>Bogena-Wieker Werbegrafik<br \/>\nBocketaler Stra\u00dfe 3<br \/>\n49479 Ibbenb\u00fcren<\/p>\n<p><a href=\"https:\/\/www.bogena-wieker.de\/\">www.bogena-wieker.de<\/a><\/p>\n<h2>Bildrechte<\/h2>\n<p>Dirk Egelkamp Fotografie \/ <a href=\"http:\/\/www.dirk-egelkamp.de\/\">dirk-egelkamp.de<\/a><\/p>\n<p>Video: shutterstock.com\/<a class=\"\" href=\"https:\/\/www.shutterstock.com\/de\/g\/maxim+ibragimov\/video\" data-automation=\"ConversionPanelContributor_contributorLink_link\" data-track-action=\"click\" data-track-section=\"assetDetails\" data-track-label=\"contributor\">maxim ibragimov<\/a><\/p>\n<h2>Angaben zur Berufshaftpflichtversicherung<\/h2>\n<p><strong>Name und Sitz des Versicherers:<\/strong><br \/>\nProvinzial<br \/>\nGesch\u00e4ftsstelle Weber OHG<br \/>\nTecklenburger Stra\u00dfe 16a<br \/>\n49479 Ibbenb\u00fcren-Laggenbeck<\/p>\n<p><strong>Geltungsraum der Versicherung:<\/strong><br \/>\nDeutschland<\/p>\n<h2>Verbraucher\u00adstreit\u00adbeilegung\/Universal\u00adschlichtungs\u00adstelle<\/h2>\n<p>Wir sind nicht bereit oder verpflichtet, an Streitbeilegungsverfahren vor einer Verbraucherschlichtungsstelle teilzunehmen.<\/p>\n<h3>Haftung f\u00fcr Inhalte<\/h3>\n<p>Als Diensteanbieter sind wir gem\u00e4\u00df \u00a7 7 Abs.1 TMG f\u00fcr eigene Inhalte auf diesen Seiten nach den allgemeinen Gesetzen verantwortlich. Nach \u00a7\u00a7 8 bis 10 TMG sind wir als Diensteanbieter jedoch nicht verpflichtet, \u00fcbermittelte oder gespeicherte fremde Informationen zu \u00fcberwachen oder nach Umst\u00e4nden zu forschen, die auf eine rechtswidrige T\u00e4tigkeit hinweisen.<\/p>\n<p>Verpflichtungen zur Entfernung oder Sperrung der Nutzung von Informationen nach den allgemeinen Gesetzen bleiben hiervon unber\u00fchrt. Eine diesbez\u00fcgliche Haftung ist jedoch erst ab dem Zeitpunkt der Kenntnis einer konkreten Rechtsverletzung m\u00f6glich. Bei Bekanntwerden von entsprechenden Rechtsverletzungen werden wir diese Inhalte umgehend entfernen.<\/p>\n<h3>Haftung f\u00fcr Links<\/h3>\n<p>Unser Angebot enth\u00e4lt Links zu externen Websites Dritter, auf deren Inhalte wir keinen Einfluss haben. Deshalb k\u00f6nnen wir f\u00fcr diese fremden Inhalte auch keine Gew\u00e4hr \u00fcbernehmen. F\u00fcr die Inhalte der verlinkten Seiten ist stets der jeweilige Anbieter oder Betreiber der Seiten verantwortlich. Die verlinkten Seiten wurden zum Zeitpunkt der Verlinkung auf m\u00f6gliche Rechtsverst\u00f6\u00dfe \u00fcberpr\u00fcft. Rechtswidrige Inhalte waren zum Zeitpunkt der Verlinkung nicht erkennbar.<\/p>\n<p>Eine permanente inhaltliche Kontrolle der verlinkten Seiten ist jedoch ohne konkrete Anhaltspunkte einer Rechtsverletzung nicht zumutbar. Bei Bekanntwerden von Rechtsverletzungen werden wir derartige Links umgehend entfernen.<\/p>\n<h3>Urheberrecht<\/h3>\n<p>Die durch die Seitenbetreiber erstellten Inhalte und Werke auf diesen Seiten unterliegen dem deutschen Urheberrecht. Die Vervielf\u00e4ltigung, Bearbeitung, Verbreitung und jede Art der Verwertung au\u00dferhalb der Grenzen des Urheberrechtes bed\u00fcrfen der schriftlichen Zustimmung des jeweiligen Autors bzw. Erstellers. Downloads und Kopien dieser Seite sind nur f\u00fcr den privaten, nicht kommerziellen Gebrauch gestattet.<\/p>\n<p>Soweit die Inhalte auf dieser Seite nicht vom Betreiber erstellt wurden, werden die Urheberrechte Dritter beachtet. Insbesondere werden Inhalte Dritter als solche gekennzeichnet. Sollten Sie trotzdem auf eine Urheberrechtsverletzung aufmerksam werden, bitten wir um einen entsprechenden Hinweis. Bei Bekanntwerden von Rechtsverletzungen werden wir derartige Inhalte umgehend entfernen.<\/p>\n","protected":false},"excerpt":{"rendered":"<p>Impressum Angaben gem\u00e4\u00df \u00a7 5 TMG Kontakt Frank Haskamp H\u00fcnh\u00fcgel 3 49479 Ibbenb\u00fcren B\u00fcro: 05451 \/ 9955622 Fax: \u00a0 0261 \/ 2016184231 E-Mail: mail@haskamp-betreuer.de Konzeption, Gestaltung, Programmierung: Bogena-Wieker Werbegrafik Bocketaler Stra\u00dfe 3 49479 Ibbenb\u00fcren www.bogena-wieker.de Bildrechte Dirk Egelkamp Fotografie \/ dirk-egelkamp.de Video: shutterstock.com\/maxim ibragimov Angaben zur Berufshaftpflichtversicherung Name und Sitz des Versicherers: Provinzial Gesch\u00e4ftsstelle Weber&#8230;<\/p>\n","protected":false},"author":1,"featured_media":0,"parent":0,"menu_order":0,"comment_status":"closed","ping_status":"closed","template":"","meta":{"footnotes":""},"class_list":["post-85","page","type-page","status-publish","hentry"],"yoast_head":"<!-- This site is optimized with the Yoast SEO plugin v27.4 - https:\/\/yoast.com\/product\/yoast-seo-wordpress\/ -->\n<title>Impressum &#8211; Haskamp Betreuer<\/title>\n<meta name=\"robots\" content=\"index, follow, max-snippet:-1, max-image-preview:large, max-video-preview:-1\" \/>\n<link rel=\"canonical\" href=\"https:\/\/haskamp-betreuer.de\/?page_id=85\" \/>\n<meta property=\"og:locale\" content=\"de_DE\" \/>\n<meta property=\"og:type\" content=\"article\" \/>\n<meta property=\"og:title\" content=\"Impressum &#8211; Haskamp Betreuer\" \/>\n<meta property=\"og:description\" content=\"Impressum Angaben gem\u00e4\u00df \u00a7 5 TMG Kontakt Frank Haskamp H\u00fcnh\u00fcgel 3 49479 Ibbenb\u00fcren B\u00fcro: 05451 \/ 9955622 Fax: \u00a0 0261 \/ 2016184231 E-Mail: mail@haskamp-betreuer.de Konzeption, Gestaltung, Programmierung: Bogena-Wieker Werbegrafik Bocketaler Stra\u00dfe 3 49479 Ibbenb\u00fcren www.bogena-wieker.de Bildrechte Dirk Egelkamp Fotografie \/ dirk-egelkamp.de Video: shutterstock.com\/maxim ibragimov Angaben zur Berufshaftpflichtversicherung Name und Sitz des Versicherers: Provinzial Gesch\u00e4ftsstelle Weber...\" \/>\n<meta property=\"og:url\" content=\"https:\/\/haskamp-betreuer.de\/?page_id=85\" \/>\n<meta property=\"og:site_name\" content=\"Haskamp Betreuer\" \/>\n<meta property=\"article:modified_time\" content=\"2024-11-19T09:06:02+00:00\" \/>\n<meta name=\"twitter:card\" content=\"summary_large_image\" \/>\n<meta name=\"twitter:label1\" content=\"Gesch\u00e4tzte Lesezeit\" \/>\n\t<meta name=\"twitter:data1\" content=\"3\u00a0Minuten\" \/>\n<script type=\"application\/ld+json\" class=\"yoast-schema-graph\">{\"@context\":\"https:\\\/\\\/schema.org\",\"@graph\":[{\"@type\":\"WebPage\",\"@id\":\"https:\\\/\\\/haskamp-betreuer.de\\\/?page_id=85\",\"url\":\"https:\\\/\\\/haskamp-betreuer.de\\\/?page_id=85\",\"name\":\"Impressum &#8211; Haskamp Betreuer\",\"isPartOf\":{\"@id\":\"https:\\\/\\\/haskamp-betreuer.de\\\/#website\"},\"datePublished\":\"2021-03-30T07:56:44+00:00\",\"dateModified\":\"2024-11-19T09:06:02+00:00\",\"breadcrumb\":{\"@id\":\"https:\\\/\\\/haskamp-betreuer.de\\\/?page_id=85#breadcrumb\"},\"inLanguage\":\"de\",\"potentialAction\":[{\"@type\":\"ReadAction\",\"target\":[\"https:\\\/\\\/haskamp-betreuer.de\\\/?page_id=85\"]}]},{\"@type\":\"BreadcrumbList\",\"@id\":\"https:\\\/\\\/haskamp-betreuer.de\\\/?page_id=85#breadcrumb\",\"itemListElement\":[{\"@type\":\"ListItem\",\"position\":1,\"name\":\"Startseite\",\"item\":\"https:\\\/\\\/haskamp-betreuer.de\\\/\"},{\"@type\":\"ListItem\",\"position\":2,\"name\":\"Impressum\"}]},{\"@type\":\"WebSite\",\"@id\":\"https:\\\/\\\/haskamp-betreuer.de\\\/#website\",\"url\":\"https:\\\/\\\/haskamp-betreuer.de\\\/\",\"name\":\"Haskamp Betreuer\",\"description\":\"Betreuer Osnabr\u00fcck\",\"publisher\":{\"@id\":\"https:\\\/\\\/haskamp-betreuer.de\\\/#\\\/schema\\\/person\\\/1f6f5ba72b3f8c6e26939d3bf428992b\"},\"potentialAction\":[{\"@type\":\"SearchAction\",\"target\":{\"@type\":\"EntryPoint\",\"urlTemplate\":\"https:\\\/\\\/haskamp-betreuer.de\\\/?s={search_term_string}\"},\"query-input\":{\"@type\":\"PropertyValueSpecification\",\"valueRequired\":true,\"valueName\":\"search_term_string\"}}],\"inLanguage\":\"de\"},{\"@type\":[\"Person\",\"Organization\"],\"@id\":\"https:\\\/\\\/haskamp-betreuer.de\\\/#\\\/schema\\\/person\\\/1f6f5ba72b3f8c6e26939d3bf428992b\",\"name\":\"admin\",\"image\":{\"@type\":\"ImageObject\",\"inLanguage\":\"de\",\"@id\":\"https:\\\/\\\/secure.gravatar.com\\\/avatar\\\/24522a4e640c232af5035d618d021ef9746879b178598f504a882d0717e0b2e5?s=96&d=mm&r=g\",\"url\":\"https:\\\/\\\/secure.gravatar.com\\\/avatar\\\/24522a4e640c232af5035d618d021ef9746879b178598f504a882d0717e0b2e5?s=96&d=mm&r=g\",\"contentUrl\":\"https:\\\/\\\/secure.gravatar.com\\\/avatar\\\/24522a4e640c232af5035d618d021ef9746879b178598f504a882d0717e0b2e5?s=96&d=mm&r=g\",\"caption\":\"admin\"},\"logo\":{\"@id\":\"https:\\\/\\\/secure.gravatar.com\\\/avatar\\\/24522a4e640c232af5035d618d021ef9746879b178598f504a882d0717e0b2e5?s=96&d=mm&r=g\"},\"sameAs\":[\"https:\\\/\\\/haskamp-betreuer.de\"]}]}<\/script>\n<!-- \/ Yoast SEO plugin. -->","yoast_head_json":{"title":"Impressum &#8211; Haskamp Betreuer","robots":{"index":"index","follow":"follow","max-snippet":"max-snippet:-1","max-image-preview":"max-image-preview:large","max-video-preview":"max-video-preview:-1"},"canonical":"https:\/\/haskamp-betreuer.de\/?page_id=85","og_locale":"de_DE","og_type":"article","og_title":"Impressum &#8211; Haskamp Betreuer","og_description":"Impressum Angaben gem\u00e4\u00df \u00a7 5 TMG Kontakt Frank Haskamp H\u00fcnh\u00fcgel 3 49479 Ibbenb\u00fcren B\u00fcro: 05451 \/ 9955622 Fax: \u00a0 0261 \/ 2016184231 E-Mail: mail@haskamp-betreuer.de Konzeption, Gestaltung, Programmierung: Bogena-Wieker Werbegrafik Bocketaler Stra\u00dfe 3 49479 Ibbenb\u00fcren www.bogena-wieker.de Bildrechte Dirk Egelkamp Fotografie \/ dirk-egelkamp.de Video: shutterstock.com\/maxim ibragimov Angaben zur Berufshaftpflichtversicherung Name und Sitz des Versicherers: Provinzial Gesch\u00e4ftsstelle Weber...","og_url":"https:\/\/haskamp-betreuer.de\/?page_id=85","og_site_name":"Haskamp Betreuer","article_modified_time":"2024-11-19T09:06:02+00:00","twitter_card":"summary_large_image","twitter_misc":{"Gesch\u00e4tzte Lesezeit":"3\u00a0Minuten"},"schema":{"@context":"https:\/\/schema.org","@graph":[{"@type":"WebPage","@id":"https:\/\/haskamp-betreuer.de\/?page_id=85","url":"https:\/\/haskamp-betreuer.de\/?page_id=85","name":"Impressum &#8211; Haskamp Betreuer","isPartOf":{"@id":"https:\/\/haskamp-betreuer.de\/#website"},"datePublished":"2021-03-30T07:56:44+00:00","dateModified":"2024-11-19T09:06:02+00:00","breadcrumb":{"@id":"https:\/\/haskamp-betreuer.de\/?page_id=85#breadcrumb"},"inLanguage":"de","potentialAction":[{"@type":"ReadAction","target":["https:\/\/haskamp-betreuer.de\/?page_id=85"]}]},{"@type":"BreadcrumbList","@id":"https:\/\/haskamp-betreuer.de\/?page_id=85#breadcrumb","itemListElement":[{"@type":"ListItem","position":1,"name":"Startseite","item":"https:\/\/haskamp-betreuer.de\/"},{"@type":"ListItem","position":2,"name":"Impressum"}]},{"@type":"WebSite","@id":"https:\/\/haskamp-betreuer.de\/#website","url":"https:\/\/haskamp-betreuer.de\/","name":"Haskamp Betreuer","description":"Betreuer Osnabr\u00fcck","publisher":{"@id":"https:\/\/haskamp-betreuer.de\/#\/schema\/person\/1f6f5ba72b3f8c6e26939d3bf428992b"},"potentialAction":[{"@type":"SearchAction","target":{"@type":"EntryPoint","urlTemplate":"https:\/\/haskamp-betreuer.de\/?s={search_term_string}"},"query-input":{"@type":"PropertyValueSpecification","valueRequired":true,"valueName":"search_term_string"}}],"inLanguage":"de"},{"@type":["Person","Organization"],"@id":"https:\/\/haskamp-betreuer.de\/#\/schema\/person\/1f6f5ba72b3f8c6e26939d3bf428992b","name":"admin","image":{"@type":"ImageObject","inLanguage":"de","@id":"https:\/\/secure.gravatar.com\/avatar\/24522a4e640c232af5035d618d021ef9746879b178598f504a882d0717e0b2e5?s=96&d=mm&r=g","url":"https:\/\/secure.gravatar.com\/avatar\/24522a4e640c232af5035d618d021ef9746879b178598f504a882d0717e0b2e5?s=96&d=mm&r=g","contentUrl":"https:\/\/secure.gravatar.com\/avatar\/24522a4e640c232af5035d618d021ef9746879b178598f504a882d0717e0b2e5?s=96&d=mm&r=g","caption":"admin"},"logo":{"@id":"https:\/\/secure.gravatar.com\/avatar\/24522a4e640c232af5035d618d021ef9746879b178598f504a882d0717e0b2e5?s=96&d=mm&r=g"},"sameAs":["https:\/\/haskamp-betreuer.de"]}]}},"_links":{"self":[{"href":"https:\/\/haskamp-betreuer.de\/index.php?rest_route=\/wp\/v2\/pages\/85","targetHints":{"allow":["GET"]}}],"collection":[{"href":"https:\/\/haskamp-betreuer.de\/index.php?rest_route=\/wp\/v2\/pages"}],"about":[{"href":"https:\/\/haskamp-betreuer.de\/index.php?rest_route=\/wp\/v2\/types\/page"}],"author":[{"embeddable":true,"href":"https:\/\/haskamp-betreuer.de\/index.php?rest_route=\/wp\/v2\/users\/1"}],"replies":[{"embeddable":true,"href":"https:\/\/haskamp-betreuer.de\/index.php?rest_route=%2Fwp%2Fv2%2Fcomments&post=85"}],"version-history":[{"count":7,"href":"https:\/\/haskamp-betreuer.de\/index.php?rest_route=\/wp\/v2\/pages\/85\/revisions"}],"predecessor-version":[{"id":151,"href":"https:\/\/haskamp-betreuer.de\/index.php?rest_route=\/wp\/v2\/pages\/85\/revisions\/151"}],"wp:attachment":[{"href":"https:\/\/haskamp-betreuer.de\/index.php?rest_route=%2Fwp%2Fv2%2Fmedia&parent=85"}],"curies":[{"name":"wp","href":"https:\/\/api.w.org\/{rel}","templated":true}]}}